{"id":94,"date":"2024-09-24T11:07:09","date_gmt":"2024-09-24T09:07:09","guid":{"rendered":"https:\/\/aspireattorneys.cz\/?page_id=94"},"modified":"2025-11-02T20:09:48","modified_gmt":"2025-11-02T19:09:48","slug":"soudni-ci-jine-spory","status":"publish","type":"page","link":"https:\/\/aspireattorneys.cz\/fr\/litiges-et-autres-contentieux\/","title":{"rendered":"Litiges et autres contentieux"},"content":{"rendered":"","protected":false},"excerpt":{"rendered":"","protected":false},"author":1,"featured_media":0,"parent":0,"menu_order":0,"comment_status":"closed","ping_status":"closed","template":"","meta":{"inline_featured_image":false,"footnotes":""},"class_list":["post-94","page","type-page","status-publish","hentry"],"yoast_head":"<!-- This site is optimized with the Yoast SEO plugin v24.9 - https:\/\/yoast.com\/wordpress\/plugins\/seo\/ -->\n<title>Soudn\u00ed \u010di jin\u00e9 spory - Aspire Attorneys<\/title>\n<meta name=\"description\" content=\"Profesion\u00e1ln\u00ed \u0159e\u0161en\u00ed spor\u016f v\u010detn\u011b anal\u00fdzy, sm\u00edrn\u00e9ho vyjedn\u00e1v\u00e1n\u00ed i zastoupen\u00ed v soudn\u00edch a spr\u00e1vn\u00edch \u0159\u00edzen\u00edch. Ochrana pr\u00e1v klient\u016f v\u010detn\u011b mezin\u00e1rodn\u00edch spor\u016f.\" \/>\n<meta name=\"robots\" content=\"index, follow, max-snippet:-1, max-image-preview:large, max-video-preview:-1\" \/>\n<link rel=\"canonical\" href=\"https:\/\/aspireattorneys.cz\/fr\/litiges-et-autres-contentieux\/\" \/>\n<meta property=\"og:locale\" content=\"fr_FR\" \/>\n<meta property=\"og:type\" content=\"article\" \/>\n<meta property=\"og:title\" content=\"Soudn\u00ed \u010di jin\u00e9 spory - Aspire Attorneys\" \/>\n<meta property=\"og:description\" content=\"Profesion\u00e1ln\u00ed \u0159e\u0161en\u00ed spor\u016f v\u010detn\u011b anal\u00fdzy, sm\u00edrn\u00e9ho vyjedn\u00e1v\u00e1n\u00ed i zastoupen\u00ed v soudn\u00edch a spr\u00e1vn\u00edch \u0159\u00edzen\u00edch. Ochrana pr\u00e1v klient\u016f v\u010detn\u011b mezin\u00e1rodn\u00edch spor\u016f.\" \/>\n<meta property=\"og:url\" content=\"https:\/\/aspireattorneys.cz\/fr\/litiges-et-autres-contentieux\/\" \/>\n<meta property=\"og:site_name\" content=\"Aspire Attorneys\" \/>\n<meta property=\"article:publisher\" content=\"https:\/\/www.facebook.com\/profile.php?id=61561252556700\" \/>\n<meta property=\"article:modified_time\" content=\"2025-11-02T19:09:48+00:00\" \/>\n<meta property=\"og:image\" content=\"https:\/\/aspireattorneys.cz\/wp-content\/uploads\/2024\/09\/aa-hero.jpg\" \/>\n\t<meta property=\"og:image:width\" content=\"1920\" \/>\n\t<meta property=\"og:image:height\" content=\"1450\" \/>\n\t<meta property=\"og:image:type\" content=\"image\/jpeg\" \/>\n<meta name=\"twitter:card\" content=\"summary_large_image\" \/>\n<script type=\"application\/ld+json\" class=\"yoast-schema-graph\">{\"@context\":\"https:\/\/schema.org\",\"@graph\":[{\"@type\":\"WebPage\",\"@id\":\"https:\/\/aspireattorneys.cz\/soudni-ci-jine-spory\/\",\"url\":\"https:\/\/aspireattorneys.cz\/soudni-ci-jine-spory\/\",\"name\":\"Soudn\u00ed \u010di jin\u00e9 spory - Aspire Attorneys\",\"isPartOf\":{\"@id\":\"https:\/\/aspireattorneys.cz\/#website\"},\"datePublished\":\"2024-09-24T09:07:09+00:00\",\"dateModified\":\"2025-11-02T19:09:48+00:00\",\"description\":\"Profesion\u00e1ln\u00ed \u0159e\u0161en\u00ed spor\u016f v\u010detn\u011b anal\u00fdzy, sm\u00edrn\u00e9ho vyjedn\u00e1v\u00e1n\u00ed i zastoupen\u00ed v soudn\u00edch a spr\u00e1vn\u00edch \u0159\u00edzen\u00edch. Ochrana pr\u00e1v klient\u016f v\u010detn\u011b mezin\u00e1rodn\u00edch spor\u016f.\",\"breadcrumb\":{\"@id\":\"https:\/\/aspireattorneys.cz\/soudni-ci-jine-spory\/#breadcrumb\"},\"inLanguage\":\"fr-FR\",\"potentialAction\":[{\"@type\":\"ReadAction\",\"target\":[\"https:\/\/aspireattorneys.cz\/soudni-ci-jine-spory\/\"]}]},{\"@type\":\"BreadcrumbList\",\"@id\":\"https:\/\/aspireattorneys.cz\/soudni-ci-jine-spory\/#breadcrumb\",\"itemListElement\":[{\"@type\":\"ListItem\",\"position\":1,\"name\":\"Dom\u016f\",\"item\":\"https:\/\/aspireattorneys.cz\/\"},{\"@type\":\"ListItem\",\"position\":2,\"name\":\"Soudn\u00ed \u010di jin\u00e9 spory\"}]},{\"@type\":\"WebSite\",\"@id\":\"https:\/\/aspireattorneys.cz\/#website\",\"url\":\"https:\/\/aspireattorneys.cz\/\",\"name\":\"Aspire Attorneys\",\"description\":\"\",\"publisher\":{\"@id\":\"https:\/\/aspireattorneys.cz\/#organization\"},\"potentialAction\":[{\"@type\":\"SearchAction\",\"target\":{\"@type\":\"EntryPoint\",\"urlTemplate\":\"https:\/\/aspireattorneys.cz\/?s={search_term_string}\"},\"query-input\":{\"@type\":\"PropertyValueSpecification\",\"valueRequired\":true,\"valueName\":\"search_term_string\"}}],\"inLanguage\":\"fr-FR\"},{\"@type\":\"Organization\",\"@id\":\"https:\/\/aspireattorneys.cz\/#organization\",\"name\":\"Aspire Attorneys\",\"url\":\"https:\/\/aspireattorneys.cz\/\",\"logo\":{\"@type\":\"ImageObject\",\"inLanguage\":\"fr-FR\",\"@id\":\"https:\/\/aspireattorneys.cz\/#\/schema\/logo\/image\/\",\"url\":\"https:\/\/aspireattorneys.cz\/wp-content\/uploads\/2024\/09\/aa-dark-logo.svg\",\"contentUrl\":\"https:\/\/aspireattorneys.cz\/wp-content\/uploads\/2024\/09\/aa-dark-logo.svg\",\"width\":172,\"height\":72,\"caption\":\"Aspire Attorneys\"},\"image\":{\"@id\":\"https:\/\/aspireattorneys.cz\/#\/schema\/logo\/image\/\"},\"sameAs\":[\"https:\/\/www.facebook.com\/profile.php?id=61561252556700\",\"https:\/\/www.linkedin.com\/company\/aspireattorneys\/\",\"https:\/\/www.instagram.com\/AspireAttorneys\/\"]}]}<\/script>\n<!-- \/ Yoast SEO plugin. -->","yoast_head_json":{"title":"Soudn\u00ed \u010di jin\u00e9 spory - Aspire Attorneys","description":"Profesion\u00e1ln\u00ed \u0159e\u0161en\u00ed spor\u016f v\u010detn\u011b anal\u00fdzy, sm\u00edrn\u00e9ho vyjedn\u00e1v\u00e1n\u00ed i zastoupen\u00ed v soudn\u00edch a spr\u00e1vn\u00edch \u0159\u00edzen\u00edch. Ochrana pr\u00e1v klient\u016f v\u010detn\u011b mezin\u00e1rodn\u00edch spor\u016f.","robots":{"index":"index","follow":"follow","max-snippet":"max-snippet:-1","max-image-preview":"max-image-preview:large","max-video-preview":"max-video-preview:-1"},"canonical":"https:\/\/aspireattorneys.cz\/fr\/litiges-et-autres-contentieux\/","og_locale":"fr_FR","og_type":"article","og_title":"Soudn\u00ed \u010di jin\u00e9 spory - Aspire Attorneys","og_description":"Profesion\u00e1ln\u00ed \u0159e\u0161en\u00ed spor\u016f v\u010detn\u011b anal\u00fdzy, sm\u00edrn\u00e9ho vyjedn\u00e1v\u00e1n\u00ed i zastoupen\u00ed v soudn\u00edch a spr\u00e1vn\u00edch \u0159\u00edzen\u00edch. Ochrana pr\u00e1v klient\u016f v\u010detn\u011b mezin\u00e1rodn\u00edch spor\u016f.","og_url":"https:\/\/aspireattorneys.cz\/fr\/litiges-et-autres-contentieux\/","og_site_name":"Aspire Attorneys","article_publisher":"https:\/\/www.facebook.com\/profile.php?id=61561252556700","article_modified_time":"2025-11-02T19:09:48+00:00","og_image":[{"width":1920,"height":1450,"url":"https:\/\/aspireattorneys.cz\/wp-content\/uploads\/2024\/09\/aa-hero.jpg","type":"image\/jpeg"}],"twitter_card":"summary_large_image","schema":{"@context":"https:\/\/schema.org","@graph":[{"@type":"WebPage","@id":"https:\/\/aspireattorneys.cz\/soudni-ci-jine-spory\/","url":"https:\/\/aspireattorneys.cz\/soudni-ci-jine-spory\/","name":"Soudn\u00ed \u010di jin\u00e9 spory - Aspire Attorneys","isPartOf":{"@id":"https:\/\/aspireattorneys.cz\/#website"},"datePublished":"2024-09-24T09:07:09+00:00","dateModified":"2025-11-02T19:09:48+00:00","description":"Profesion\u00e1ln\u00ed \u0159e\u0161en\u00ed spor\u016f v\u010detn\u011b anal\u00fdzy, sm\u00edrn\u00e9ho vyjedn\u00e1v\u00e1n\u00ed i zastoupen\u00ed v soudn\u00edch a spr\u00e1vn\u00edch \u0159\u00edzen\u00edch. Ochrana pr\u00e1v klient\u016f v\u010detn\u011b mezin\u00e1rodn\u00edch spor\u016f.","breadcrumb":{"@id":"https:\/\/aspireattorneys.cz\/soudni-ci-jine-spory\/#breadcrumb"},"inLanguage":"fr-FR","potentialAction":[{"@type":"ReadAction","target":["https:\/\/aspireattorneys.cz\/soudni-ci-jine-spory\/"]}]},{"@type":"BreadcrumbList","@id":"https:\/\/aspireattorneys.cz\/soudni-ci-jine-spory\/#breadcrumb","itemListElement":[{"@type":"ListItem","position":1,"name":"Dom\u016f","item":"https:\/\/aspireattorneys.cz\/"},{"@type":"ListItem","position":2,"name":"Soudn\u00ed \u010di jin\u00e9 spory"}]},{"@type":"WebSite","@id":"https:\/\/aspireattorneys.cz\/#website","url":"https:\/\/aspireattorneys.cz\/","name":"Aspire Attorneys","description":"","publisher":{"@id":"https:\/\/aspireattorneys.cz\/#organization"},"potentialAction":[{"@type":"SearchAction","target":{"@type":"EntryPoint","urlTemplate":"https:\/\/aspireattorneys.cz\/?s={search_term_string}"},"query-input":{"@type":"PropertyValueSpecification","valueRequired":true,"valueName":"search_term_string"}}],"inLanguage":"fr-FR"},{"@type":"Organization","@id":"https:\/\/aspireattorneys.cz\/#organization","name":"Aspire Attorneys","url":"https:\/\/aspireattorneys.cz\/","logo":{"@type":"ImageObject","inLanguage":"fr-FR","@id":"https:\/\/aspireattorneys.cz\/#\/schema\/logo\/image\/","url":"https:\/\/aspireattorneys.cz\/wp-content\/uploads\/2024\/09\/aa-dark-logo.svg","contentUrl":"https:\/\/aspireattorneys.cz\/wp-content\/uploads\/2024\/09\/aa-dark-logo.svg","width":172,"height":72,"caption":"Aspire Attorneys"},"image":{"@id":"https:\/\/aspireattorneys.cz\/#\/schema\/logo\/image\/"},"sameAs":["https:\/\/www.facebook.com\/profile.php?id=61561252556700","https:\/\/www.linkedin.com\/company\/aspireattorneys\/","https:\/\/www.instagram.com\/AspireAttorneys\/"]}]}},"_links":{"self":[{"href":"https:\/\/aspireattorneys.cz\/fr\/wp-json\/wp\/v2\/pages\/94","targetHints":{"allow":["GET"]}}],"collection":[{"href":"https:\/\/aspireattorneys.cz\/fr\/wp-json\/wp\/v2\/pages"}],"about":[{"href":"https:\/\/aspireattorneys.cz\/fr\/wp-json\/wp\/v2\/types\/page"}],"author":[{"embeddable":true,"href":"https:\/\/aspireattorneys.cz\/fr\/wp-json\/wp\/v2\/users\/1"}],"replies":[{"embeddable":true,"href":"https:\/\/aspireattorneys.cz\/fr\/wp-json\/wp\/v2\/comments?post=94"}],"version-history":[{"count":1,"href":"https:\/\/aspireattorneys.cz\/fr\/wp-json\/wp\/v2\/pages\/94\/revisions"}],"predecessor-version":[{"id":95,"href":"https:\/\/aspireattorneys.cz\/fr\/wp-json\/wp\/v2\/pages\/94\/revisions\/95"}],"wp:attachment":[{"href":"https:\/\/aspireattorneys.cz\/fr\/wp-json\/wp\/v2\/media?parent=94"}],"curies":[{"name":"wp","href":"https:\/\/api.w.org\/{rel}","templated":true}]}}