{"id":96,"date":"2024-09-24T11:07:41","date_gmt":"2024-09-24T09:07:41","guid":{"rendered":"https:\/\/aspireattorneys.cz\/?page_id=96"},"modified":"2025-11-02T20:09:45","modified_gmt":"2025-11-02T19:09:45","slug":"smlouvy","status":"publish","type":"page","link":"https:\/\/aspireattorneys.cz\/fr\/contrats\/","title":{"rendered":"Contrats"},"content":{"rendered":"","protected":false},"excerpt":{"rendered":"","protected":false},"author":1,"featured_media":0,"parent":0,"menu_order":0,"comment_status":"closed","ping_status":"closed","template":"","meta":{"inline_featured_image":false,"footnotes":""},"class_list":["post-96","page","type-page","status-publish","hentry"],"yoast_head":"<!-- This site is optimized with the Yoast SEO plugin v24.9 - https:\/\/yoast.com\/wordpress\/plugins\/seo\/ -->\n<title>Smlouvy - Aspire Attorneys<\/title>\n<meta name=\"description\" content=\"Tvorba, revize a vyjedn\u00e1v\u00e1n\u00ed smluv v \u010de\u0161tin\u011b i ciz\u00edm jazyce, pr\u00e1vn\u00ed poradenstv\u00ed ve smluvn\u00edch vztaz\u00edch a \u0159e\u0161en\u00ed konflikt\u016f s d\u016frazem na srozumitelnost a minimalizaci spor\u016f.\" \/>\n<meta name=\"robots\" content=\"index, follow, max-snippet:-1, max-image-preview:large, max-video-preview:-1\" \/>\n<link rel=\"canonical\" href=\"https:\/\/aspireattorneys.cz\/fr\/contrats\/\" \/>\n<meta property=\"og:locale\" content=\"fr_FR\" \/>\n<meta property=\"og:type\" content=\"article\" \/>\n<meta property=\"og:title\" content=\"Smlouvy - Aspire Attorneys\" \/>\n<meta property=\"og:description\" content=\"Tvorba, revize a vyjedn\u00e1v\u00e1n\u00ed smluv v \u010de\u0161tin\u011b i ciz\u00edm jazyce, pr\u00e1vn\u00ed poradenstv\u00ed ve smluvn\u00edch vztaz\u00edch a \u0159e\u0161en\u00ed konflikt\u016f s d\u016frazem na srozumitelnost a minimalizaci spor\u016f.\" \/>\n<meta property=\"og:url\" content=\"https:\/\/aspireattorneys.cz\/fr\/contrats\/\" \/>\n<meta property=\"og:site_name\" content=\"Aspire Attorneys\" \/>\n<meta property=\"article:publisher\" content=\"https:\/\/www.facebook.com\/profile.php?id=61561252556700\" \/>\n<meta property=\"article:modified_time\" content=\"2025-11-02T19:09:45+00:00\" \/>\n<meta property=\"og:image\" content=\"https:\/\/aspireattorneys.cz\/wp-content\/uploads\/2024\/09\/aa-hero.jpg\" \/>\n\t<meta property=\"og:image:width\" content=\"1920\" \/>\n\t<meta property=\"og:image:height\" content=\"1450\" \/>\n\t<meta property=\"og:image:type\" content=\"image\/jpeg\" \/>\n<meta name=\"twitter:card\" content=\"summary_large_image\" \/>\n<script type=\"application\/ld+json\" class=\"yoast-schema-graph\">{\"@context\":\"https:\/\/schema.org\",\"@graph\":[{\"@type\":\"WebPage\",\"@id\":\"https:\/\/aspireattorneys.cz\/smlouvy\/\",\"url\":\"https:\/\/aspireattorneys.cz\/smlouvy\/\",\"name\":\"Smlouvy - Aspire Attorneys\",\"isPartOf\":{\"@id\":\"https:\/\/aspireattorneys.cz\/#website\"},\"datePublished\":\"2024-09-24T09:07:41+00:00\",\"dateModified\":\"2025-11-02T19:09:45+00:00\",\"description\":\"Tvorba, revize a vyjedn\u00e1v\u00e1n\u00ed smluv v \u010de\u0161tin\u011b i ciz\u00edm jazyce, pr\u00e1vn\u00ed poradenstv\u00ed ve smluvn\u00edch vztaz\u00edch a \u0159e\u0161en\u00ed konflikt\u016f s d\u016frazem na srozumitelnost a minimalizaci spor\u016f.\",\"breadcrumb\":{\"@id\":\"https:\/\/aspireattorneys.cz\/smlouvy\/#breadcrumb\"},\"inLanguage\":\"fr-FR\",\"potentialAction\":[{\"@type\":\"ReadAction\",\"target\":[\"https:\/\/aspireattorneys.cz\/smlouvy\/\"]}]},{\"@type\":\"BreadcrumbList\",\"@id\":\"https:\/\/aspireattorneys.cz\/smlouvy\/#breadcrumb\",\"itemListElement\":[{\"@type\":\"ListItem\",\"position\":1,\"name\":\"Dom\u016f\",\"item\":\"https:\/\/aspireattorneys.cz\/\"},{\"@type\":\"ListItem\",\"position\":2,\"name\":\"Smlouvy\"}]},{\"@type\":\"WebSite\",\"@id\":\"https:\/\/aspireattorneys.cz\/#website\",\"url\":\"https:\/\/aspireattorneys.cz\/\",\"name\":\"Aspire Attorneys\",\"description\":\"\",\"publisher\":{\"@id\":\"https:\/\/aspireattorneys.cz\/#organization\"},\"potentialAction\":[{\"@type\":\"SearchAction\",\"target\":{\"@type\":\"EntryPoint\",\"urlTemplate\":\"https:\/\/aspireattorneys.cz\/?s={search_term_string}\"},\"query-input\":{\"@type\":\"PropertyValueSpecification\",\"valueRequired\":true,\"valueName\":\"search_term_string\"}}],\"inLanguage\":\"fr-FR\"},{\"@type\":\"Organization\",\"@id\":\"https:\/\/aspireattorneys.cz\/#organization\",\"name\":\"Aspire Attorneys\",\"url\":\"https:\/\/aspireattorneys.cz\/\",\"logo\":{\"@type\":\"ImageObject\",\"inLanguage\":\"fr-FR\",\"@id\":\"https:\/\/aspireattorneys.cz\/#\/schema\/logo\/image\/\",\"url\":\"https:\/\/aspireattorneys.cz\/wp-content\/uploads\/2024\/09\/aa-dark-logo.svg\",\"contentUrl\":\"https:\/\/aspireattorneys.cz\/wp-content\/uploads\/2024\/09\/aa-dark-logo.svg\",\"width\":172,\"height\":72,\"caption\":\"Aspire Attorneys\"},\"image\":{\"@id\":\"https:\/\/aspireattorneys.cz\/#\/schema\/logo\/image\/\"},\"sameAs\":[\"https:\/\/www.facebook.com\/profile.php?id=61561252556700\",\"https:\/\/www.linkedin.com\/company\/aspireattorneys\/\",\"https:\/\/www.instagram.com\/AspireAttorneys\/\"]}]}<\/script>\n<!-- \/ Yoast SEO plugin. -->","yoast_head_json":{"title":"Smlouvy - Aspire Attorneys","description":"Tvorba, revize a vyjedn\u00e1v\u00e1n\u00ed smluv v \u010de\u0161tin\u011b i ciz\u00edm jazyce, pr\u00e1vn\u00ed poradenstv\u00ed ve smluvn\u00edch vztaz\u00edch a \u0159e\u0161en\u00ed konflikt\u016f s d\u016frazem na srozumitelnost a minimalizaci spor\u016f.","robots":{"index":"index","follow":"follow","max-snippet":"max-snippet:-1","max-image-preview":"max-image-preview:large","max-video-preview":"max-video-preview:-1"},"canonical":"https:\/\/aspireattorneys.cz\/fr\/contrats\/","og_locale":"fr_FR","og_type":"article","og_title":"Smlouvy - Aspire Attorneys","og_description":"Tvorba, revize a vyjedn\u00e1v\u00e1n\u00ed smluv v \u010de\u0161tin\u011b i ciz\u00edm jazyce, pr\u00e1vn\u00ed poradenstv\u00ed ve smluvn\u00edch vztaz\u00edch a \u0159e\u0161en\u00ed konflikt\u016f s d\u016frazem na srozumitelnost a minimalizaci spor\u016f.","og_url":"https:\/\/aspireattorneys.cz\/fr\/contrats\/","og_site_name":"Aspire Attorneys","article_publisher":"https:\/\/www.facebook.com\/profile.php?id=61561252556700","article_modified_time":"2025-11-02T19:09:45+00:00","og_image":[{"width":1920,"height":1450,"url":"https:\/\/aspireattorneys.cz\/wp-content\/uploads\/2024\/09\/aa-hero.jpg","type":"image\/jpeg"}],"twitter_card":"summary_large_image","schema":{"@context":"https:\/\/schema.org","@graph":[{"@type":"WebPage","@id":"https:\/\/aspireattorneys.cz\/smlouvy\/","url":"https:\/\/aspireattorneys.cz\/smlouvy\/","name":"Smlouvy - Aspire Attorneys","isPartOf":{"@id":"https:\/\/aspireattorneys.cz\/#website"},"datePublished":"2024-09-24T09:07:41+00:00","dateModified":"2025-11-02T19:09:45+00:00","description":"Tvorba, revize a vyjedn\u00e1v\u00e1n\u00ed smluv v \u010de\u0161tin\u011b i ciz\u00edm jazyce, pr\u00e1vn\u00ed poradenstv\u00ed ve smluvn\u00edch vztaz\u00edch a \u0159e\u0161en\u00ed konflikt\u016f s d\u016frazem na srozumitelnost a minimalizaci spor\u016f.","breadcrumb":{"@id":"https:\/\/aspireattorneys.cz\/smlouvy\/#breadcrumb"},"inLanguage":"fr-FR","potentialAction":[{"@type":"ReadAction","target":["https:\/\/aspireattorneys.cz\/smlouvy\/"]}]},{"@type":"BreadcrumbList","@id":"https:\/\/aspireattorneys.cz\/smlouvy\/#breadcrumb","itemListElement":[{"@type":"ListItem","position":1,"name":"Dom\u016f","item":"https:\/\/aspireattorneys.cz\/"},{"@type":"ListItem","position":2,"name":"Smlouvy"}]},{"@type":"WebSite","@id":"https:\/\/aspireattorneys.cz\/#website","url":"https:\/\/aspireattorneys.cz\/","name":"Aspire Attorneys","description":"","publisher":{"@id":"https:\/\/aspireattorneys.cz\/#organization"},"potentialAction":[{"@type":"SearchAction","target":{"@type":"EntryPoint","urlTemplate":"https:\/\/aspireattorneys.cz\/?s={search_term_string}"},"query-input":{"@type":"PropertyValueSpecification","valueRequired":true,"valueName":"search_term_string"}}],"inLanguage":"fr-FR"},{"@type":"Organization","@id":"https:\/\/aspireattorneys.cz\/#organization","name":"Aspire Attorneys","url":"https:\/\/aspireattorneys.cz\/","logo":{"@type":"ImageObject","inLanguage":"fr-FR","@id":"https:\/\/aspireattorneys.cz\/#\/schema\/logo\/image\/","url":"https:\/\/aspireattorneys.cz\/wp-content\/uploads\/2024\/09\/aa-dark-logo.svg","contentUrl":"https:\/\/aspireattorneys.cz\/wp-content\/uploads\/2024\/09\/aa-dark-logo.svg","width":172,"height":72,"caption":"Aspire Attorneys"},"image":{"@id":"https:\/\/aspireattorneys.cz\/#\/schema\/logo\/image\/"},"sameAs":["https:\/\/www.facebook.com\/profile.php?id=61561252556700","https:\/\/www.linkedin.com\/company\/aspireattorneys\/","https:\/\/www.instagram.com\/AspireAttorneys\/"]}]}},"_links":{"self":[{"href":"https:\/\/aspireattorneys.cz\/fr\/wp-json\/wp\/v2\/pages\/96","targetHints":{"allow":["GET"]}}],"collection":[{"href":"https:\/\/aspireattorneys.cz\/fr\/wp-json\/wp\/v2\/pages"}],"about":[{"href":"https:\/\/aspireattorneys.cz\/fr\/wp-json\/wp\/v2\/types\/page"}],"author":[{"embeddable":true,"href":"https:\/\/aspireattorneys.cz\/fr\/wp-json\/wp\/v2\/users\/1"}],"replies":[{"embeddable":true,"href":"https:\/\/aspireattorneys.cz\/fr\/wp-json\/wp\/v2\/comments?post=96"}],"version-history":[{"count":1,"href":"https:\/\/aspireattorneys.cz\/fr\/wp-json\/wp\/v2\/pages\/96\/revisions"}],"predecessor-version":[{"id":97,"href":"https:\/\/aspireattorneys.cz\/fr\/wp-json\/wp\/v2\/pages\/96\/revisions\/97"}],"wp:attachment":[{"href":"https:\/\/aspireattorneys.cz\/fr\/wp-json\/wp\/v2\/media?parent=96"}],"curies":[{"name":"wp","href":"https:\/\/api.w.org\/{rel}","templated":true}]}}